{"id":2317,"date":"2024-09-18T14:16:07","date_gmt":"2024-09-18T14:16:07","guid":{"rendered":"https:\/\/welcome-prints.com\/?post_type=product&#038;p=2317"},"modified":"2026-04-09T17:35:23","modified_gmt":"2026-04-09T17:35:23","slug":"set-01","status":"publish","type":"product","link":"https:\/\/welcome-prints.com\/en\/produit\/set-01\/","title":{"rendered":"SET #01"},"content":{"rendered":"<p>S\u00e9rigraphie<br \/>\nEdition Limit\u00e9e \u00e0 20 exemplaires<br \/>\nPapier Munchen pure rough &#8211; 300gr<br \/>\nNum\u00e9rot\u00e9s et sign\u00e9s<br \/>\nVendu sans cadre<\/p>\n","protected":false},"excerpt":{"rendered":"<p>S\u00e9rigraphie Edition Limit\u00e9e \u00e0 20 exemplaires Papier Munchen pure rough &#8211; 300gr Num\u00e9rot\u00e9s et sign\u00e9s Vendu sans cadre<\/p>\n","protected":false},"featured_media":2314,"template":"","meta":{"_acf_changed":false},"product_brand":[],"product_cat":[226,196,216,200,205,257],"product_tag":[],"class_list":{"0":"post-2317","1":"product","2":"type-product","3":"status-publish","4":"has-post-thumbnail","6":"product_cat-226","7":"product_cat-france","8":"product_cat-grand","9":"product_cat-portrait","10":"product_cat-serigraphie","11":"product_cat-yannick-martin","13":"first","14":"instock","15":"shipping-taxable","16":"purchasable","17":"product-type-simple"},"acf":[],"_links":{"self":[{"href":"https:\/\/welcome-prints.com\/en\/wp-json\/wp\/v2\/product\/2317","targetHints":{"allow":["GET"]}}],"collection":[{"href":"https:\/\/welcome-prints.com\/en\/wp-json\/wp\/v2\/product"}],"about":[{"href":"https:\/\/welcome-prints.com\/en\/wp-json\/wp\/v2\/types\/product"}],"wp:featuredmedia":[{"embeddable":true,"href":"https:\/\/welcome-prints.com\/en\/wp-json\/wp\/v2\/media\/2314"}],"wp:attachment":[{"href":"https:\/\/welcome-prints.com\/en\/wp-json\/wp\/v2\/media?parent=2317"}],"wp:term":[{"taxonomy":"product_brand","embeddable":true,"href":"https:\/\/welcome-prints.com\/en\/wp-json\/wp\/v2\/product_brand?post=2317"},{"taxonomy":"product_cat","embeddable":true,"href":"https:\/\/welcome-prints.com\/en\/wp-json\/wp\/v2\/product_cat?post=2317"},{"taxonomy":"product_tag","embeddable":true,"href":"https:\/\/welcome-prints.com\/en\/wp-json\/wp\/v2\/product_tag?post=2317"}],"curies":[{"name":"wp","href":"https:\/\/api.w.org\/{rel}","templated":true}]}}