{"id":2278,"date":"2024-09-09T07:52:02","date_gmt":"2024-09-09T07:52:02","guid":{"rendered":"https:\/\/welcome-prints.com\/produit\/mirror\/"},"modified":"2026-04-09T16:44:35","modified_gmt":"2026-04-09T16:44:35","slug":"mirror","status":"publish","type":"product","link":"https:\/\/welcome-prints.com\/en\/produit\/mirror\/","title":{"rendered":"Mirror"},"content":{"rendered":"<p>Pointe s\u00e8che sur rh\u00e9nalon<br \/>\nEdition limit\u00e9e \u00e0 10 exemplaires<br \/>\nImprim\u00e9 sur papier Fabriano<\/p>\n","protected":false},"excerpt":{"rendered":"<p>Pointe s\u00e8che sur rh\u00e9nalon Edition limit\u00e9e \u00e0 10 exemplaires Imprim\u00e9 sur papier Fabriano<\/p>\n","protected":false},"featured_media":2275,"template":"","meta":{"_acf_changed":false},"product_brand":[],"product_cat":[226,196,254,215,211,200],"product_tag":[],"class_list":{"0":"post-2278","1":"product","2":"type-product","3":"status-publish","4":"has-post-thumbnail","6":"product_cat-226","7":"product_cat-france","8":"product_cat-marion-semple","9":"product_cat-moyen","10":"product_cat-pointe-seche","11":"product_cat-portrait","13":"first","14":"instock","15":"shipping-taxable","16":"purchasable","17":"product-type-simple"},"acf":[],"_links":{"self":[{"href":"https:\/\/welcome-prints.com\/en\/wp-json\/wp\/v2\/product\/2278","targetHints":{"allow":["GET"]}}],"collection":[{"href":"https:\/\/welcome-prints.com\/en\/wp-json\/wp\/v2\/product"}],"about":[{"href":"https:\/\/welcome-prints.com\/en\/wp-json\/wp\/v2\/types\/product"}],"wp:featuredmedia":[{"embeddable":true,"href":"https:\/\/welcome-prints.com\/en\/wp-json\/wp\/v2\/media\/2275"}],"wp:attachment":[{"href":"https:\/\/welcome-prints.com\/en\/wp-json\/wp\/v2\/media?parent=2278"}],"wp:term":[{"taxonomy":"product_brand","embeddable":true,"href":"https:\/\/welcome-prints.com\/en\/wp-json\/wp\/v2\/product_brand?post=2278"},{"taxonomy":"product_cat","embeddable":true,"href":"https:\/\/welcome-prints.com\/en\/wp-json\/wp\/v2\/product_cat?post=2278"},{"taxonomy":"product_tag","embeddable":true,"href":"https:\/\/welcome-prints.com\/en\/wp-json\/wp\/v2\/product_tag?post=2278"}],"curies":[{"name":"wp","href":"https:\/\/api.w.org\/{rel}","templated":true}]}}