{"id":2273,"date":"2024-09-08T13:13:18","date_gmt":"2024-09-08T13:13:18","guid":{"rendered":"https:\/\/welcome-prints.com\/produit\/oiseau\/"},"modified":"2026-04-09T16:44:22","modified_gmt":"2026-04-09T16:44:22","slug":"oiseau","status":"publish","type":"product","link":"https:\/\/welcome-prints.com\/en\/produit\/oiseau\/","title":{"rendered":"Oiseau"},"content":{"rendered":"<p>Xylographie \u00e0 bois perdu, 4 couleurs<br \/>\nImprim\u00e9e \u00e0 la main sur papier Fabriano<br \/>\nEdition limit\u00e9e \u00e0 8 exemplaires<\/p>\n","protected":false},"excerpt":{"rendered":"<p>Xylographie \u00e0 bois perdu, 4 couleurs Imprim\u00e9e \u00e0 la main sur papier Fabriano Edition limit\u00e9e \u00e0 8 exemplaires<\/p>\n","protected":false},"featured_media":2362,"template":"","meta":{"_acf_changed":false},"product_brand":[],"product_cat":[226,202,196,245,254,215,252],"product_tag":[],"class_list":{"0":"post-2273","1":"product","2":"type-product","3":"status-publish","4":"has-post-thumbnail","6":"product_cat-226","7":"product_cat-carre","8":"product_cat-france","9":"product_cat-gravure-sur-bois","10":"product_cat-marion-semple","11":"product_cat-moyen","12":"product_cat-xylographie","14":"first","15":"instock","16":"shipping-taxable","17":"purchasable","18":"product-type-simple"},"acf":[],"_links":{"self":[{"href":"https:\/\/welcome-prints.com\/en\/wp-json\/wp\/v2\/product\/2273","targetHints":{"allow":["GET"]}}],"collection":[{"href":"https:\/\/welcome-prints.com\/en\/wp-json\/wp\/v2\/product"}],"about":[{"href":"https:\/\/welcome-prints.com\/en\/wp-json\/wp\/v2\/types\/product"}],"wp:featuredmedia":[{"embeddable":true,"href":"https:\/\/welcome-prints.com\/en\/wp-json\/wp\/v2\/media\/2362"}],"wp:attachment":[{"href":"https:\/\/welcome-prints.com\/en\/wp-json\/wp\/v2\/media?parent=2273"}],"wp:term":[{"taxonomy":"product_brand","embeddable":true,"href":"https:\/\/welcome-prints.com\/en\/wp-json\/wp\/v2\/product_brand?post=2273"},{"taxonomy":"product_cat","embeddable":true,"href":"https:\/\/welcome-prints.com\/en\/wp-json\/wp\/v2\/product_cat?post=2273"},{"taxonomy":"product_tag","embeddable":true,"href":"https:\/\/welcome-prints.com\/en\/wp-json\/wp\/v2\/product_tag?post=2273"}],"curies":[{"name":"wp","href":"https:\/\/api.w.org\/{rel}","templated":true}]}}