{"id":2261,"date":"2024-09-08T09:38:07","date_gmt":"2024-09-08T09:38:07","guid":{"rendered":"https:\/\/welcome-prints.com\/produit\/echo3\/"},"modified":"2026-04-09T20:20:51","modified_gmt":"2026-04-09T20:20:51","slug":"echo3","status":"publish","type":"product","link":"https:\/\/welcome-prints.com\/en\/produit\/echo3\/","title":{"rendered":"ECHO3"},"content":{"rendered":"<p>Linogravure monochrome noire sur papier n\u00e9palais 60g \u00e9cru, num\u00e9rot\u00e9e 1\/2 et dat\u00e9e du 7 juillet 2024<\/p>\n","protected":false},"excerpt":{"rendered":"<p>Linogravure monochrome noire sur papier n\u00e9palais 60g \u00e9cru, num\u00e9rot\u00e9e 1\/2 et dat\u00e9e du 7 juillet 2024<\/p>\n","protected":false},"featured_media":2260,"template":"","meta":{"_acf_changed":false},"product_brand":[],"product_cat":[226,196,243,228,215,200],"product_tag":[],"class_list":{"0":"post-2261","1":"product","2":"type-product","3":"status-publish","4":"has-post-thumbnail","6":"product_cat-226","7":"product_cat-france","8":"product_cat-jean-pierre-mayot","9":"product_cat-linogravure","10":"product_cat-moyen","11":"product_cat-portrait","13":"first","14":"instock","15":"shipping-taxable","16":"purchasable","17":"product-type-simple"},"acf":[],"_links":{"self":[{"href":"https:\/\/welcome-prints.com\/en\/wp-json\/wp\/v2\/product\/2261","targetHints":{"allow":["GET"]}}],"collection":[{"href":"https:\/\/welcome-prints.com\/en\/wp-json\/wp\/v2\/product"}],"about":[{"href":"https:\/\/welcome-prints.com\/en\/wp-json\/wp\/v2\/types\/product"}],"wp:featuredmedia":[{"embeddable":true,"href":"https:\/\/welcome-prints.com\/en\/wp-json\/wp\/v2\/media\/2260"}],"wp:attachment":[{"href":"https:\/\/welcome-prints.com\/en\/wp-json\/wp\/v2\/media?parent=2261"}],"wp:term":[{"taxonomy":"product_brand","embeddable":true,"href":"https:\/\/welcome-prints.com\/en\/wp-json\/wp\/v2\/product_brand?post=2261"},{"taxonomy":"product_cat","embeddable":true,"href":"https:\/\/welcome-prints.com\/en\/wp-json\/wp\/v2\/product_cat?post=2261"},{"taxonomy":"product_tag","embeddable":true,"href":"https:\/\/welcome-prints.com\/en\/wp-json\/wp\/v2\/product_tag?post=2261"}],"curies":[{"name":"wp","href":"https:\/\/api.w.org\/{rel}","templated":true}]}}