{"id":2249,"date":"2024-09-08T09:17:40","date_gmt":"2024-09-08T09:17:40","guid":{"rendered":"https:\/\/welcome-prints.com\/produit\/ceratias-uranuscopus\/"},"modified":"2026-05-06T13:01:58","modified_gmt":"2026-05-06T13:01:58","slug":"ceratias-uranuscopus","status":"publish","type":"product","link":"https:\/\/welcome-prints.com\/en\/produit\/ceratias-uranuscopus\/","title":{"rendered":"Ceratias Uranuscopus"},"content":{"rendered":"<p>Linogravure \u00e0 matrice \u00e0 fond perdu, polychrome, sur papier n\u00e9palais 60g, num\u00e9rot\u00e9e 5\/9 et dat\u00e9e du 28 novembre 2022<\/p>\n","protected":false},"excerpt":{"rendered":"<p>Linogravure \u00e0 matrice \u00e0 fond perdu, polychrome, sur papier n\u00e9palais 60g, num\u00e9rot\u00e9e 5\/9 et dat\u00e9e du 28 novembre 2022<\/p>\n","protected":false},"featured_media":2248,"template":"","meta":{"_acf_changed":false},"product_brand":[],"product_cat":[223,196,243,228,215,201],"product_tag":[],"class_list":{"0":"post-2249","1":"product","2":"type-product","3":"status-publish","4":"has-post-thumbnail","6":"product_cat-223","7":"product_cat-france","8":"product_cat-jean-pierre-mayot","9":"product_cat-linogravure","10":"product_cat-moyen","11":"product_cat-paysage","13":"first","14":"instock","15":"shipping-taxable","16":"purchasable","17":"product-type-simple"},"acf":[],"_links":{"self":[{"href":"https:\/\/welcome-prints.com\/en\/wp-json\/wp\/v2\/product\/2249","targetHints":{"allow":["GET"]}}],"collection":[{"href":"https:\/\/welcome-prints.com\/en\/wp-json\/wp\/v2\/product"}],"about":[{"href":"https:\/\/welcome-prints.com\/en\/wp-json\/wp\/v2\/types\/product"}],"wp:featuredmedia":[{"embeddable":true,"href":"https:\/\/welcome-prints.com\/en\/wp-json\/wp\/v2\/media\/2248"}],"wp:attachment":[{"href":"https:\/\/welcome-prints.com\/en\/wp-json\/wp\/v2\/media?parent=2249"}],"wp:term":[{"taxonomy":"product_brand","embeddable":true,"href":"https:\/\/welcome-prints.com\/en\/wp-json\/wp\/v2\/product_brand?post=2249"},{"taxonomy":"product_cat","embeddable":true,"href":"https:\/\/welcome-prints.com\/en\/wp-json\/wp\/v2\/product_cat?post=2249"},{"taxonomy":"product_tag","embeddable":true,"href":"https:\/\/welcome-prints.com\/en\/wp-json\/wp\/v2\/product_tag?post=2249"}],"curies":[{"name":"wp","href":"https:\/\/api.w.org\/{rel}","templated":true}]}}