{"id":2246,"date":"2024-09-08T09:11:11","date_gmt":"2024-09-08T09:11:11","guid":{"rendered":"https:\/\/welcome-prints.com\/produit\/la-prairie\/"},"modified":"2026-04-09T15:44:54","modified_gmt":"2026-04-09T15:44:54","slug":"la-prairie","status":"publish","type":"product","link":"https:\/\/welcome-prints.com\/en\/produit\/la-prairie\/","title":{"rendered":"La Prairie"},"content":{"rendered":"<p>Linogravure monochrome noire sur papier n\u00e9palais \u00e9cru 60g, num\u00e9rot\u00e9e 1\/9 et dat\u00e9e du 23 mars 2024<\/p>\n","protected":false},"excerpt":{"rendered":"<p>Linogravure monochrome noire sur papier n\u00e9palais \u00e9cru 60g, num\u00e9rot\u00e9e 1\/9 et dat\u00e9e du 23 mars 2024<\/p>\n","protected":false},"featured_media":2245,"template":"","meta":{"_acf_changed":false},"product_brand":[],"product_cat":[212,196,243,228,215,200],"product_tag":[],"class_list":{"0":"post-2246","1":"product","2":"type-product","3":"status-publish","4":"has-post-thumbnail","6":"product_cat-212","7":"product_cat-france","8":"product_cat-jean-pierre-mayot","9":"product_cat-linogravure","10":"product_cat-moyen","11":"product_cat-portrait","13":"first","14":"instock","15":"shipping-taxable","16":"purchasable","17":"product-type-simple"},"acf":[],"_links":{"self":[{"href":"https:\/\/welcome-prints.com\/en\/wp-json\/wp\/v2\/product\/2246","targetHints":{"allow":["GET"]}}],"collection":[{"href":"https:\/\/welcome-prints.com\/en\/wp-json\/wp\/v2\/product"}],"about":[{"href":"https:\/\/welcome-prints.com\/en\/wp-json\/wp\/v2\/types\/product"}],"wp:featuredmedia":[{"embeddable":true,"href":"https:\/\/welcome-prints.com\/en\/wp-json\/wp\/v2\/media\/2245"}],"wp:attachment":[{"href":"https:\/\/welcome-prints.com\/en\/wp-json\/wp\/v2\/media?parent=2246"}],"wp:term":[{"taxonomy":"product_brand","embeddable":true,"href":"https:\/\/welcome-prints.com\/en\/wp-json\/wp\/v2\/product_brand?post=2246"},{"taxonomy":"product_cat","embeddable":true,"href":"https:\/\/welcome-prints.com\/en\/wp-json\/wp\/v2\/product_cat?post=2246"},{"taxonomy":"product_tag","embeddable":true,"href":"https:\/\/welcome-prints.com\/en\/wp-json\/wp\/v2\/product_tag?post=2246"}],"curies":[{"name":"wp","href":"https:\/\/api.w.org\/{rel}","templated":true}]}}