{"id":2240,"date":"2024-09-08T08:59:02","date_gmt":"2024-09-08T08:59:02","guid":{"rendered":"https:\/\/welcome-prints.com\/produit\/la-pieuvre-au-tatouage\/"},"modified":"2026-04-09T11:30:43","modified_gmt":"2026-04-09T11:30:43","slug":"la-pieuvre-au-tatouage","status":"publish","type":"product","link":"https:\/\/welcome-prints.com\/en\/produit\/la-pieuvre-au-tatouage\/","title":{"rendered":"La Pieuvre au Tatouage"},"content":{"rendered":"<p>Linogravure \u00e0 matrice \u00e0 fond perdu, polychrome, sur papier n\u00e9palais 60g \u00e9cru, exemplaire num\u00e9rot\u00e9 2\/6 du 14 ao\u00fbt 2023.<\/p>\n","protected":false},"excerpt":{"rendered":"<p>Linogravure \u00e0 matrice \u00e0 fond perdu, polychrome, sur papier n\u00e9palais 60g \u00e9cru, exemplaire num\u00e9rot\u00e9 2\/6 du 14 ao\u00fbt 2023.<\/p>\n","protected":false},"featured_media":2239,"template":"","meta":{"_acf_changed":false},"product_brand":[],"product_cat":[212,196,243,228,215,200],"product_tag":[],"class_list":{"0":"post-2240","1":"product","2":"type-product","3":"status-publish","4":"has-post-thumbnail","6":"product_cat-212","7":"product_cat-france","8":"product_cat-jean-pierre-mayot","9":"product_cat-linogravure","10":"product_cat-moyen","11":"product_cat-portrait","13":"first","14":"instock","15":"shipping-taxable","16":"purchasable","17":"product-type-simple"},"acf":[],"_links":{"self":[{"href":"https:\/\/welcome-prints.com\/en\/wp-json\/wp\/v2\/product\/2240","targetHints":{"allow":["GET"]}}],"collection":[{"href":"https:\/\/welcome-prints.com\/en\/wp-json\/wp\/v2\/product"}],"about":[{"href":"https:\/\/welcome-prints.com\/en\/wp-json\/wp\/v2\/types\/product"}],"wp:featuredmedia":[{"embeddable":true,"href":"https:\/\/welcome-prints.com\/en\/wp-json\/wp\/v2\/media\/2239"}],"wp:attachment":[{"href":"https:\/\/welcome-prints.com\/en\/wp-json\/wp\/v2\/media?parent=2240"}],"wp:term":[{"taxonomy":"product_brand","embeddable":true,"href":"https:\/\/welcome-prints.com\/en\/wp-json\/wp\/v2\/product_brand?post=2240"},{"taxonomy":"product_cat","embeddable":true,"href":"https:\/\/welcome-prints.com\/en\/wp-json\/wp\/v2\/product_cat?post=2240"},{"taxonomy":"product_tag","embeddable":true,"href":"https:\/\/welcome-prints.com\/en\/wp-json\/wp\/v2\/product_tag?post=2240"}],"curies":[{"name":"wp","href":"https:\/\/api.w.org\/{rel}","templated":true}]}}