{"id":2218,"date":"2024-09-03T20:16:11","date_gmt":"2024-09-03T20:16:11","guid":{"rendered":"https:\/\/welcome-prints.com\/produit\/nicoleo\/"},"modified":"2026-04-09T13:16:39","modified_gmt":"2026-04-09T13:16:39","slug":"nicoleo","status":"publish","type":"product","link":"https:\/\/welcome-prints.com\/en\/produit\/nicoleo\/","title":{"rendered":"Nicoleo"},"content":{"rendered":"<p>Gravure sur Tetrapak imprim\u00e9es \u00e0 l\u2019encre Charbonnel sur papier Hahnem\u00fchle .<br \/>\nNum\u00e9rot\u00e9e \/15 et sign\u00e9e accompagn\u00e9e d\u2019un certificat d\u2019authenticit\u00e9.<\/p>\n","protected":false},"excerpt":{"rendered":"<p>Gravure sur Tetrapak imprim\u00e9es \u00e0 l\u2019encre Charbonnel sur papier Hahnem\u00fchle . Num\u00e9rot\u00e9e \/15 et sign\u00e9e accompagn\u00e9e d\u2019un certificat d\u2019authenticit\u00e9.<\/p>\n","protected":false},"featured_media":2214,"template":"","meta":{"_acf_changed":false},"product_brand":[],"product_cat":[212,244,196,215,211,200],"product_tag":[],"class_list":{"0":"post-2218","1":"product","2":"type-product","3":"status-publish","4":"has-post-thumbnail","6":"product_cat-212","7":"product_cat-florence-tedeschi","8":"product_cat-france","9":"product_cat-moyen","10":"product_cat-pointe-seche","11":"product_cat-portrait","13":"first","14":"instock","15":"shipping-taxable","16":"purchasable","17":"product-type-simple"},"acf":[],"_links":{"self":[{"href":"https:\/\/welcome-prints.com\/en\/wp-json\/wp\/v2\/product\/2218","targetHints":{"allow":["GET"]}}],"collection":[{"href":"https:\/\/welcome-prints.com\/en\/wp-json\/wp\/v2\/product"}],"about":[{"href":"https:\/\/welcome-prints.com\/en\/wp-json\/wp\/v2\/types\/product"}],"wp:featuredmedia":[{"embeddable":true,"href":"https:\/\/welcome-prints.com\/en\/wp-json\/wp\/v2\/media\/2214"}],"wp:attachment":[{"href":"https:\/\/welcome-prints.com\/en\/wp-json\/wp\/v2\/media?parent=2218"}],"wp:term":[{"taxonomy":"product_brand","embeddable":true,"href":"https:\/\/welcome-prints.com\/en\/wp-json\/wp\/v2\/product_brand?post=2218"},{"taxonomy":"product_cat","embeddable":true,"href":"https:\/\/welcome-prints.com\/en\/wp-json\/wp\/v2\/product_cat?post=2218"},{"taxonomy":"product_tag","embeddable":true,"href":"https:\/\/welcome-prints.com\/en\/wp-json\/wp\/v2\/product_tag?post=2218"}],"curies":[{"name":"wp","href":"https:\/\/api.w.org\/{rel}","templated":true}]}}