{"id":2199,"date":"2024-09-02T10:29:17","date_gmt":"2024-09-02T10:29:17","guid":{"rendered":"https:\/\/welcome-prints.com\/produit\/hetre-commun\/"},"modified":"2024-12-29T18:43:40","modified_gmt":"2024-12-29T18:43:40","slug":"hetre-commun","status":"publish","type":"product","link":"https:\/\/welcome-prints.com\/en\/produit\/hetre-commun\/","title":{"rendered":"H\u00eatre commun"},"content":{"rendered":"<p>S\u00e9rie l&#8217;\u00e9corce des pierres<br \/>\n5 lithographies impression sur lin<\/p>\n","protected":false},"excerpt":{"rendered":"<p>S\u00e9rie l&#8217;\u00e9corce des pierres 5 lithographies impression sur lin<\/p>\n","protected":false},"featured_media":2197,"template":"","meta":{"_acf_changed":false},"product_brand":[],"product_cat":[212,193,191,213,196,216,204,234,198,195,200,197],"product_tag":[],"class_list":{"0":"post-2199","1":"product","2":"type-product","3":"status-publish","4":"has-post-thumbnail","6":"product_cat-212","7":"product_cat-annees","8":"product_cat-artistes","9":"product_cat-format","10":"product_cat-france","11":"product_cat-grand","12":"product_cat-lithographie","13":"product_cat-mathilde-bodiguel","14":"product_cat-orientation","15":"product_cat-pays","16":"product_cat-portrait","17":"product_cat-technique","19":"first","20":"instock","21":"shipping-taxable","22":"purchasable","23":"product-type-simple"},"acf":[],"_links":{"self":[{"href":"https:\/\/welcome-prints.com\/en\/wp-json\/wp\/v2\/product\/2199","targetHints":{"allow":["GET"]}}],"collection":[{"href":"https:\/\/welcome-prints.com\/en\/wp-json\/wp\/v2\/product"}],"about":[{"href":"https:\/\/welcome-prints.com\/en\/wp-json\/wp\/v2\/types\/product"}],"wp:featuredmedia":[{"embeddable":true,"href":"https:\/\/welcome-prints.com\/en\/wp-json\/wp\/v2\/media\/2197"}],"wp:attachment":[{"href":"https:\/\/welcome-prints.com\/en\/wp-json\/wp\/v2\/media?parent=2199"}],"wp:term":[{"taxonomy":"product_brand","embeddable":true,"href":"https:\/\/welcome-prints.com\/en\/wp-json\/wp\/v2\/product_brand?post=2199"},{"taxonomy":"product_cat","embeddable":true,"href":"https:\/\/welcome-prints.com\/en\/wp-json\/wp\/v2\/product_cat?post=2199"},{"taxonomy":"product_tag","embeddable":true,"href":"https:\/\/welcome-prints.com\/en\/wp-json\/wp\/v2\/product_tag?post=2199"}],"curies":[{"name":"wp","href":"https:\/\/api.w.org\/{rel}","templated":true}]}}