{"id":2192,"date":"2024-09-02T10:12:22","date_gmt":"2024-09-02T10:12:22","guid":{"rendered":"https:\/\/welcome-prints.com\/produit\/a-la-lisiere-chene-pedoncule\/"},"modified":"2024-09-23T12:54:11","modified_gmt":"2024-09-23T12:54:11","slug":"a-la-lisiere-chene-pedoncule","status":"publish","type":"product","link":"https:\/\/welcome-prints.com\/en\/produit\/a-la-lisiere-chene-pedoncule\/","title":{"rendered":"\u00c0 la lisi\u00e8re, ch\u00eane p\u00e9doncul\u00e9"},"content":{"rendered":"<p>Lithographie 2 pierres sur lin<br \/>\nOrnement\u00e9 de broderies<br \/>\n2M x 60 cm, 2024<\/p>\n","protected":false},"excerpt":{"rendered":"<p>Lithographie 2 pierres sur lin Ornement\u00e9 de broderies 2M x 60 cm, 2024<\/p>\n","protected":false},"featured_media":2188,"template":"","meta":{"_acf_changed":false},"product_brand":[],"product_cat":[213,196,216,204,234,198,195,200,197],"product_tag":[],"class_list":{"0":"post-2192","1":"product","2":"type-product","3":"status-publish","4":"has-post-thumbnail","6":"product_cat-format","7":"product_cat-france","8":"product_cat-grand","9":"product_cat-lithographie","10":"product_cat-mathilde-bodiguel","11":"product_cat-orientation","12":"product_cat-pays","13":"product_cat-portrait","14":"product_cat-technique","16":"first","17":"instock","18":"shipping-taxable","19":"purchasable","20":"product-type-simple"},"acf":[],"_links":{"self":[{"href":"https:\/\/welcome-prints.com\/en\/wp-json\/wp\/v2\/product\/2192","targetHints":{"allow":["GET"]}}],"collection":[{"href":"https:\/\/welcome-prints.com\/en\/wp-json\/wp\/v2\/product"}],"about":[{"href":"https:\/\/welcome-prints.com\/en\/wp-json\/wp\/v2\/types\/product"}],"wp:featuredmedia":[{"embeddable":true,"href":"https:\/\/welcome-prints.com\/en\/wp-json\/wp\/v2\/media\/2188"}],"wp:attachment":[{"href":"https:\/\/welcome-prints.com\/en\/wp-json\/wp\/v2\/media?parent=2192"}],"wp:term":[{"taxonomy":"product_brand","embeddable":true,"href":"https:\/\/welcome-prints.com\/en\/wp-json\/wp\/v2\/product_brand?post=2192"},{"taxonomy":"product_cat","embeddable":true,"href":"https:\/\/welcome-prints.com\/en\/wp-json\/wp\/v2\/product_cat?post=2192"},{"taxonomy":"product_tag","embeddable":true,"href":"https:\/\/welcome-prints.com\/en\/wp-json\/wp\/v2\/product_tag?post=2192"}],"curies":[{"name":"wp","href":"https:\/\/api.w.org\/{rel}","templated":true}]}}