{"id":2187,"date":"2024-09-02T09:45:12","date_gmt":"2024-09-02T09:45:12","guid":{"rendered":"https:\/\/welcome-prints.com\/produit\/falling\/"},"modified":"2026-04-09T14:56:32","modified_gmt":"2026-04-09T14:56:32","slug":"falling","status":"publish","type":"product","link":"https:\/\/welcome-prints.com\/en\/produit\/falling\/","title":{"rendered":"Falling"},"content":{"rendered":"<p>Gravure sur cuivre r\u00e9alis\u00e9e au burin, imprim\u00e9e sur Magnani incisioni<br \/>\nNumerot\u00e9e sur 20 et sign\u00e9e<\/p>\n","protected":false},"excerpt":{"rendered":"<p>Gravure sur cuivre r\u00e9alis\u00e9e au burin, imprim\u00e9e sur Magnani incisioni Numerot\u00e9e sur 20 et sign\u00e9e<\/p>\n","protected":false},"featured_media":2183,"template":"","meta":{"_acf_changed":false},"product_brand":[],"product_cat":[226,220,251,196,216,200],"product_tag":[],"class_list":{"0":"post-2187","1":"product","2":"type-product","3":"status-publish","4":"has-post-thumbnail","6":"product_cat-226","7":"product_cat-burin","8":"product_cat-fanny-bazille","9":"product_cat-france","10":"product_cat-grand","11":"product_cat-portrait","13":"first","14":"instock","15":"shipping-taxable","16":"purchasable","17":"product-type-simple"},"acf":[],"_links":{"self":[{"href":"https:\/\/welcome-prints.com\/en\/wp-json\/wp\/v2\/product\/2187","targetHints":{"allow":["GET"]}}],"collection":[{"href":"https:\/\/welcome-prints.com\/en\/wp-json\/wp\/v2\/product"}],"about":[{"href":"https:\/\/welcome-prints.com\/en\/wp-json\/wp\/v2\/types\/product"}],"wp:featuredmedia":[{"embeddable":true,"href":"https:\/\/welcome-prints.com\/en\/wp-json\/wp\/v2\/media\/2183"}],"wp:attachment":[{"href":"https:\/\/welcome-prints.com\/en\/wp-json\/wp\/v2\/media?parent=2187"}],"wp:term":[{"taxonomy":"product_brand","embeddable":true,"href":"https:\/\/welcome-prints.com\/en\/wp-json\/wp\/v2\/product_brand?post=2187"},{"taxonomy":"product_cat","embeddable":true,"href":"https:\/\/welcome-prints.com\/en\/wp-json\/wp\/v2\/product_cat?post=2187"},{"taxonomy":"product_tag","embeddable":true,"href":"https:\/\/welcome-prints.com\/en\/wp-json\/wp\/v2\/product_tag?post=2187"}],"curies":[{"name":"wp","href":"https:\/\/api.w.org\/{rel}","templated":true}]}}