{"id":2186,"date":"2024-09-02T09:42:00","date_gmt":"2024-09-02T09:42:00","guid":{"rendered":"https:\/\/welcome-prints.com\/produit\/metamorphose\/"},"modified":"2026-04-09T19:20:59","modified_gmt":"2026-04-09T19:20:59","slug":"metamorphose","status":"publish","type":"product","link":"https:\/\/welcome-prints.com\/en\/produit\/metamorphose\/","title":{"rendered":"M\u00e9tamorphose"},"content":{"rendered":"<p>Gravure sur cuivre r\u00e9alis\u00e9e au burin et roulette, imprim\u00e9e sur Magnani incisioni<br \/>\nNumerot\u00e9e sur 40 et sign\u00e9e<\/p>\n","protected":false},"excerpt":{"rendered":"<p>Gravure sur cuivre r\u00e9alis\u00e9e au burin et roulette, imprim\u00e9e sur Magnani incisioni Numerot\u00e9e sur 40 et sign\u00e9e<\/p>\n","protected":false},"featured_media":2185,"template":"","meta":{"_acf_changed":false},"product_brand":[],"product_cat":[226,220,251,196,216,200],"product_tag":[],"class_list":{"0":"post-2186","1":"product","2":"type-product","3":"status-publish","4":"has-post-thumbnail","6":"product_cat-226","7":"product_cat-burin","8":"product_cat-fanny-bazille","9":"product_cat-france","10":"product_cat-grand","11":"product_cat-portrait","13":"first","14":"instock","15":"shipping-taxable","16":"purchasable","17":"product-type-simple"},"acf":[],"_links":{"self":[{"href":"https:\/\/welcome-prints.com\/en\/wp-json\/wp\/v2\/product\/2186","targetHints":{"allow":["GET"]}}],"collection":[{"href":"https:\/\/welcome-prints.com\/en\/wp-json\/wp\/v2\/product"}],"about":[{"href":"https:\/\/welcome-prints.com\/en\/wp-json\/wp\/v2\/types\/product"}],"wp:featuredmedia":[{"embeddable":true,"href":"https:\/\/welcome-prints.com\/en\/wp-json\/wp\/v2\/media\/2185"}],"wp:attachment":[{"href":"https:\/\/welcome-prints.com\/en\/wp-json\/wp\/v2\/media?parent=2186"}],"wp:term":[{"taxonomy":"product_brand","embeddable":true,"href":"https:\/\/welcome-prints.com\/en\/wp-json\/wp\/v2\/product_brand?post=2186"},{"taxonomy":"product_cat","embeddable":true,"href":"https:\/\/welcome-prints.com\/en\/wp-json\/wp\/v2\/product_cat?post=2186"},{"taxonomy":"product_tag","embeddable":true,"href":"https:\/\/welcome-prints.com\/en\/wp-json\/wp\/v2\/product_tag?post=2186"}],"curies":[{"name":"wp","href":"https:\/\/api.w.org\/{rel}","templated":true}]}}