{"id":2181,"date":"2024-08-31T21:22:19","date_gmt":"2024-08-31T21:22:19","guid":{"rendered":"https:\/\/welcome-prints.com\/produit\/le-peintre\/"},"modified":"2026-04-10T02:41:32","modified_gmt":"2026-04-10T02:41:32","slug":"le-peintre","status":"publish","type":"product","link":"https:\/\/welcome-prints.com\/en\/produit\/le-peintre\/","title":{"rendered":"Le peintre"},"content":{"rendered":"<p>Mani\u00e8re noire<\/p>\n<p>Imprim\u00e9 sur papier Hahnem\u00fchle blanc antique 150g, \u00e0 10 exemplaires<\/p>\n","protected":false},"excerpt":{"rendered":"<p>Mani\u00e8re noire Imprim\u00e9 sur papier Hahnem\u00fchle blanc antique 150g, \u00e0 10 exemplaires<\/p>\n","protected":false},"featured_media":2180,"template":"","meta":{"_acf_changed":false},"product_brand":[],"product_cat":[194,196,222,250,215,201],"product_tag":[],"class_list":{"0":"post-2181","1":"product","2":"type-product","3":"status-publish","4":"has-post-thumbnail","6":"product_cat-194","7":"product_cat-france","8":"product_cat-maniere-noire","9":"product_cat-marius-tessier","10":"product_cat-moyen","11":"product_cat-paysage","13":"first","14":"instock","15":"shipping-taxable","16":"purchasable","17":"product-type-simple"},"acf":[],"_links":{"self":[{"href":"https:\/\/welcome-prints.com\/en\/wp-json\/wp\/v2\/product\/2181","targetHints":{"allow":["GET"]}}],"collection":[{"href":"https:\/\/welcome-prints.com\/en\/wp-json\/wp\/v2\/product"}],"about":[{"href":"https:\/\/welcome-prints.com\/en\/wp-json\/wp\/v2\/types\/product"}],"wp:featuredmedia":[{"embeddable":true,"href":"https:\/\/welcome-prints.com\/en\/wp-json\/wp\/v2\/media\/2180"}],"wp:attachment":[{"href":"https:\/\/welcome-prints.com\/en\/wp-json\/wp\/v2\/media?parent=2181"}],"wp:term":[{"taxonomy":"product_brand","embeddable":true,"href":"https:\/\/welcome-prints.com\/en\/wp-json\/wp\/v2\/product_brand?post=2181"},{"taxonomy":"product_cat","embeddable":true,"href":"https:\/\/welcome-prints.com\/en\/wp-json\/wp\/v2\/product_cat?post=2181"},{"taxonomy":"product_tag","embeddable":true,"href":"https:\/\/welcome-prints.com\/en\/wp-json\/wp\/v2\/product_tag?post=2181"}],"curies":[{"name":"wp","href":"https:\/\/api.w.org\/{rel}","templated":true}]}}