{"id":2179,"date":"2024-08-31T20:55:24","date_gmt":"2024-08-31T20:55:24","guid":{"rendered":"https:\/\/welcome-prints.com\/produit\/fenetres\/"},"modified":"2026-04-09T18:18:50","modified_gmt":"2026-04-09T18:18:50","slug":"fenetres","status":"publish","type":"product","link":"https:\/\/welcome-prints.com\/en\/produit\/fenetres\/","title":{"rendered":"Fen\u00eatres"},"content":{"rendered":"<p>Mani\u00e8re noire, pointe s\u00e8che, papier de verre<\/p>\n<p>Imprim\u00e9 sur papier Hahnem\u00fchle blanc antique 150g, \u00e0 10 exemplaires<\/p>\n","protected":false},"excerpt":{"rendered":"<p>Mani\u00e8re noire, pointe s\u00e8che, papier de verre Imprim\u00e9 sur papier Hahnem\u00fchle blanc antique 150g, \u00e0 10 exemplaires<\/p>\n","protected":false},"featured_media":3167,"template":"","meta":{"_acf_changed":false},"product_brand":[],"product_cat":[194,196,222,250,215,211,200],"product_tag":[],"class_list":{"0":"post-2179","1":"product","2":"type-product","3":"status-publish","4":"has-post-thumbnail","6":"product_cat-194","7":"product_cat-france","8":"product_cat-maniere-noire","9":"product_cat-marius-tessier","10":"product_cat-moyen","11":"product_cat-pointe-seche","12":"product_cat-portrait","14":"first","15":"instock","16":"shipping-taxable","17":"purchasable","18":"product-type-simple"},"acf":[],"_links":{"self":[{"href":"https:\/\/welcome-prints.com\/en\/wp-json\/wp\/v2\/product\/2179","targetHints":{"allow":["GET"]}}],"collection":[{"href":"https:\/\/welcome-prints.com\/en\/wp-json\/wp\/v2\/product"}],"about":[{"href":"https:\/\/welcome-prints.com\/en\/wp-json\/wp\/v2\/types\/product"}],"wp:featuredmedia":[{"embeddable":true,"href":"https:\/\/welcome-prints.com\/en\/wp-json\/wp\/v2\/media\/3167"}],"wp:attachment":[{"href":"https:\/\/welcome-prints.com\/en\/wp-json\/wp\/v2\/media?parent=2179"}],"wp:term":[{"taxonomy":"product_brand","embeddable":true,"href":"https:\/\/welcome-prints.com\/en\/wp-json\/wp\/v2\/product_brand?post=2179"},{"taxonomy":"product_cat","embeddable":true,"href":"https:\/\/welcome-prints.com\/en\/wp-json\/wp\/v2\/product_cat?post=2179"},{"taxonomy":"product_tag","embeddable":true,"href":"https:\/\/welcome-prints.com\/en\/wp-json\/wp\/v2\/product_tag?post=2179"}],"curies":[{"name":"wp","href":"https:\/\/api.w.org\/{rel}","templated":true}]}}