{"id":2177,"date":"2024-08-31T14:21:53","date_gmt":"2024-08-31T14:21:53","guid":{"rendered":"https:\/\/welcome-prints.com\/produit\/chantier\/"},"modified":"2026-04-09T14:55:46","modified_gmt":"2026-04-09T14:55:46","slug":"chantier","status":"publish","type":"product","link":"https:\/\/welcome-prints.com\/en\/produit\/chantier\/","title":{"rendered":"Chantier"},"content":{"rendered":"<p>pointe s\u00e8che, papier de verre, mani\u00e8re noire et burin<\/p>\n<p>Imprim\u00e9 sur papier Hahnem\u00fchle blanc antique 150g \u00e0 30 exemplaires<\/p>\n","protected":false},"excerpt":{"rendered":"<p>pointe s\u00e8che, papier de verre, mani\u00e8re noire et burin Imprim\u00e9 sur papier Hahnem\u00fchle blanc antique 150g \u00e0 30 exemplaires<\/p>\n","protected":false},"featured_media":3166,"template":"","meta":{"_acf_changed":false},"product_brand":[],"product_cat":[194,196,222,250,215,211,200],"product_tag":[],"class_list":{"0":"post-2177","1":"product","2":"type-product","3":"status-publish","4":"has-post-thumbnail","6":"product_cat-194","7":"product_cat-france","8":"product_cat-maniere-noire","9":"product_cat-marius-tessier","10":"product_cat-moyen","11":"product_cat-pointe-seche","12":"product_cat-portrait","14":"first","15":"instock","16":"shipping-taxable","17":"purchasable","18":"product-type-simple"},"acf":[],"_links":{"self":[{"href":"https:\/\/welcome-prints.com\/en\/wp-json\/wp\/v2\/product\/2177","targetHints":{"allow":["GET"]}}],"collection":[{"href":"https:\/\/welcome-prints.com\/en\/wp-json\/wp\/v2\/product"}],"about":[{"href":"https:\/\/welcome-prints.com\/en\/wp-json\/wp\/v2\/types\/product"}],"wp:featuredmedia":[{"embeddable":true,"href":"https:\/\/welcome-prints.com\/en\/wp-json\/wp\/v2\/media\/3166"}],"wp:attachment":[{"href":"https:\/\/welcome-prints.com\/en\/wp-json\/wp\/v2\/media?parent=2177"}],"wp:term":[{"taxonomy":"product_brand","embeddable":true,"href":"https:\/\/welcome-prints.com\/en\/wp-json\/wp\/v2\/product_brand?post=2177"},{"taxonomy":"product_cat","embeddable":true,"href":"https:\/\/welcome-prints.com\/en\/wp-json\/wp\/v2\/product_cat?post=2177"},{"taxonomy":"product_tag","embeddable":true,"href":"https:\/\/welcome-prints.com\/en\/wp-json\/wp\/v2\/product_tag?post=2177"}],"curies":[{"name":"wp","href":"https:\/\/api.w.org\/{rel}","templated":true}]}}