{"id":2172,"date":"2024-08-29T10:32:18","date_gmt":"2024-08-29T10:32:18","guid":{"rendered":"https:\/\/welcome-prints.com\/?post_type=product&#038;p=2172"},"modified":"2026-04-09T16:43:20","modified_gmt":"2026-04-09T16:43:20","slug":"napoli","status":"publish","type":"product","link":"https:\/\/welcome-prints.com\/en\/produit\/napoli\/","title":{"rendered":"Napoli"},"content":{"rendered":"<p>Gravure sur Tetrapak imprim\u00e9es \u00e0 l&#8217;encre Charbonnel sur papier Hahnem\u00fchle .<br \/>\nNum\u00e9rot\u00e9e \/15 et sign\u00e9e accompagn\u00e9e d&#8217;un certificat d&#8217;authenticit\u00e9.<\/p>\n","protected":false},"excerpt":{"rendered":"<p>Gravure sur Tetrapak imprim\u00e9es \u00e0 l&#8217;encre Charbonnel sur papier Hahnem\u00fchle . Num\u00e9rot\u00e9e \/15 et sign\u00e9e accompagn\u00e9e d&#8217;un certificat d&#8217;authenticit\u00e9.<\/p>\n","protected":false},"featured_media":2170,"template":"","meta":{"_acf_changed":false},"product_brand":[],"product_cat":[212,244,196,215,211,200],"product_tag":[],"class_list":{"0":"post-2172","1":"product","2":"type-product","3":"status-publish","4":"has-post-thumbnail","6":"product_cat-212","7":"product_cat-florence-tedeschi","8":"product_cat-france","9":"product_cat-moyen","10":"product_cat-pointe-seche","11":"product_cat-portrait","13":"first","14":"instock","15":"shipping-taxable","16":"purchasable","17":"product-type-simple"},"acf":[],"_links":{"self":[{"href":"https:\/\/welcome-prints.com\/en\/wp-json\/wp\/v2\/product\/2172","targetHints":{"allow":["GET"]}}],"collection":[{"href":"https:\/\/welcome-prints.com\/en\/wp-json\/wp\/v2\/product"}],"about":[{"href":"https:\/\/welcome-prints.com\/en\/wp-json\/wp\/v2\/types\/product"}],"wp:featuredmedia":[{"embeddable":true,"href":"https:\/\/welcome-prints.com\/en\/wp-json\/wp\/v2\/media\/2170"}],"wp:attachment":[{"href":"https:\/\/welcome-prints.com\/en\/wp-json\/wp\/v2\/media?parent=2172"}],"wp:term":[{"taxonomy":"product_brand","embeddable":true,"href":"https:\/\/welcome-prints.com\/en\/wp-json\/wp\/v2\/product_brand?post=2172"},{"taxonomy":"product_cat","embeddable":true,"href":"https:\/\/welcome-prints.com\/en\/wp-json\/wp\/v2\/product_cat?post=2172"},{"taxonomy":"product_tag","embeddable":true,"href":"https:\/\/welcome-prints.com\/en\/wp-json\/wp\/v2\/product_tag?post=2172"}],"curies":[{"name":"wp","href":"https:\/\/api.w.org\/{rel}","templated":true}]}}