{"id":2056,"date":"2024-07-27T14:46:50","date_gmt":"2024-07-27T14:46:50","guid":{"rendered":"https:\/\/welcome-prints.com\/produit\/the-benchs-solitude\/"},"modified":"2026-04-09T15:00:46","modified_gmt":"2026-04-09T15:00:46","slug":"the-benchs-solitude","status":"publish","type":"product","link":"https:\/\/welcome-prints.com\/en\/produit\/the-benchs-solitude\/","title":{"rendered":"The Bench&#8217;s Solitude"},"content":{"rendered":"<p>Linogravure en tirage d&#8217;art; \u00e9dition num\u00e9rot\u00e9e et sign\u00e9e \/30<br \/>\nImprim\u00e9e \u00e0 l&#8217;encre \u00e0 l&#8217;huile sur papier Opal 280gr<\/p>\n","protected":false},"excerpt":{"rendered":"<p>Linogravure en tirage d&#8217;art; \u00e9dition num\u00e9rot\u00e9e et sign\u00e9e \/30 Imprim\u00e9e \u00e0 l&#8217;encre \u00e0 l&#8217;huile sur papier Opal 280gr<\/p>\n","protected":false},"featured_media":2044,"template":"","meta":{"_acf_changed":false},"product_brand":[],"product_cat":[212,196,188,228,215,200],"product_tag":[],"class_list":{"0":"post-2056","1":"product","2":"type-product","3":"status-publish","4":"has-post-thumbnail","6":"product_cat-212","7":"product_cat-france","8":"product_cat-helene-bautista","9":"product_cat-linogravure","10":"product_cat-moyen","11":"product_cat-portrait","13":"first","14":"instock","15":"shipping-taxable","16":"purchasable","17":"product-type-simple"},"acf":[],"_links":{"self":[{"href":"https:\/\/welcome-prints.com\/en\/wp-json\/wp\/v2\/product\/2056","targetHints":{"allow":["GET"]}}],"collection":[{"href":"https:\/\/welcome-prints.com\/en\/wp-json\/wp\/v2\/product"}],"about":[{"href":"https:\/\/welcome-prints.com\/en\/wp-json\/wp\/v2\/types\/product"}],"wp:featuredmedia":[{"embeddable":true,"href":"https:\/\/welcome-prints.com\/en\/wp-json\/wp\/v2\/media\/2044"}],"wp:attachment":[{"href":"https:\/\/welcome-prints.com\/en\/wp-json\/wp\/v2\/media?parent=2056"}],"wp:term":[{"taxonomy":"product_brand","embeddable":true,"href":"https:\/\/welcome-prints.com\/en\/wp-json\/wp\/v2\/product_brand?post=2056"},{"taxonomy":"product_cat","embeddable":true,"href":"https:\/\/welcome-prints.com\/en\/wp-json\/wp\/v2\/product_cat?post=2056"},{"taxonomy":"product_tag","embeddable":true,"href":"https:\/\/welcome-prints.com\/en\/wp-json\/wp\/v2\/product_tag?post=2056"}],"curies":[{"name":"wp","href":"https:\/\/api.w.org\/{rel}","templated":true}]}}