{"id":2055,"date":"2024-07-27T14:44:20","date_gmt":"2024-07-27T14:44:20","guid":{"rendered":"https:\/\/welcome-prints.com\/produit\/les-feuilles-mortes\/"},"modified":"2026-04-09T23:16:16","modified_gmt":"2026-04-09T23:16:16","slug":"les-feuilles-mortes","status":"publish","type":"product","link":"https:\/\/welcome-prints.com\/en\/produit\/les-feuilles-mortes\/","title":{"rendered":"Les Feuilles mortes"},"content":{"rendered":"<p>Linogravure en tirage d&#8217;art; \u00e9dition num\u00e9rot\u00e9e et sign\u00e9e \/30<br \/>\nImprim\u00e9e \u00e0 l&#8217;encre \u00e0 l&#8217;huile sur papier Rosaspina 300gr<\/p>\n","protected":false},"excerpt":{"rendered":"<p>Linogravure en tirage d&#8217;art; \u00e9dition num\u00e9rot\u00e9e et sign\u00e9e \/30 Imprim\u00e9e \u00e0 l&#8217;encre \u00e0 l&#8217;huile sur papier Rosaspina 300gr<\/p>\n","protected":false},"featured_media":2047,"template":"","meta":{"_acf_changed":false},"product_brand":[],"product_cat":[226,188,228,215,200],"product_tag":[],"class_list":{"0":"post-2055","1":"product","2":"type-product","3":"status-publish","4":"has-post-thumbnail","6":"product_cat-226","7":"product_cat-helene-bautista","8":"product_cat-linogravure","9":"product_cat-moyen","10":"product_cat-portrait","12":"first","13":"instock","14":"shipping-taxable","15":"purchasable","16":"product-type-simple"},"acf":[],"_links":{"self":[{"href":"https:\/\/welcome-prints.com\/en\/wp-json\/wp\/v2\/product\/2055","targetHints":{"allow":["GET"]}}],"collection":[{"href":"https:\/\/welcome-prints.com\/en\/wp-json\/wp\/v2\/product"}],"about":[{"href":"https:\/\/welcome-prints.com\/en\/wp-json\/wp\/v2\/types\/product"}],"wp:featuredmedia":[{"embeddable":true,"href":"https:\/\/welcome-prints.com\/en\/wp-json\/wp\/v2\/media\/2047"}],"wp:attachment":[{"href":"https:\/\/welcome-prints.com\/en\/wp-json\/wp\/v2\/media?parent=2055"}],"wp:term":[{"taxonomy":"product_brand","embeddable":true,"href":"https:\/\/welcome-prints.com\/en\/wp-json\/wp\/v2\/product_brand?post=2055"},{"taxonomy":"product_cat","embeddable":true,"href":"https:\/\/welcome-prints.com\/en\/wp-json\/wp\/v2\/product_cat?post=2055"},{"taxonomy":"product_tag","embeddable":true,"href":"https:\/\/welcome-prints.com\/en\/wp-json\/wp\/v2\/product_tag?post=2055"}],"curies":[{"name":"wp","href":"https:\/\/api.w.org\/{rel}","templated":true}]}}