{"id":1887,"date":"2024-07-10T16:57:16","date_gmt":"2024-07-10T16:57:16","guid":{"rendered":"https:\/\/welcome-prints.com\/?post_type=product&#038;p=1887"},"modified":"2026-04-09T20:22:21","modified_gmt":"2026-04-09T20:22:21","slug":"ventre","status":"publish","type":"product","link":"https:\/\/welcome-prints.com\/en\/produit\/ventre\/","title":{"rendered":"Ventre"},"content":{"rendered":"<p>Repr\u00e9sentation de la &#8220;boule au ventre&#8221;<\/p>\n<p>Ici la dame porte sur ses \u00e9paules le poids du patriarcat. Une variation du mythe de Sisyphe. <\/p>\n<p>C&#8217;est aussi une visualisation du fort int\u00e9rieur de l&#8217;artiste, pour mettre en lumi\u00e8re le tabou du f\u00e9minin chez le gar\u00e7on.<\/p>\n","protected":false},"excerpt":{"rendered":"<p>Repr\u00e9sentation de la &#8220;boule au ventre&#8221; Ici la dame porte sur ses \u00e9paules le poids du patriarcat. Une variation du mythe de Sisyphe. C&#8217;est aussi une visualisation du fort int\u00e9rieur de l&#8217;artiste, pour mettre en lumi\u00e8re le tabou du f\u00e9minin chez le gar\u00e7on.<\/p>\n","protected":false},"featured_media":1886,"template":"","meta":{"_acf_changed":false},"product_brand":[],"product_cat":[212,196,221,222,215,200],"product_tag":[],"class_list":{"0":"post-1887","1":"product","2":"type-product","3":"status-publish","4":"has-post-thumbnail","6":"product_cat-212","7":"product_cat-france","8":"product_cat-louis-genty","9":"product_cat-maniere-noire","10":"product_cat-moyen","11":"product_cat-portrait","13":"first","14":"instock","15":"shipping-taxable","16":"purchasable","17":"product-type-simple"},"acf":[],"_links":{"self":[{"href":"https:\/\/welcome-prints.com\/en\/wp-json\/wp\/v2\/product\/1887","targetHints":{"allow":["GET"]}}],"collection":[{"href":"https:\/\/welcome-prints.com\/en\/wp-json\/wp\/v2\/product"}],"about":[{"href":"https:\/\/welcome-prints.com\/en\/wp-json\/wp\/v2\/types\/product"}],"wp:featuredmedia":[{"embeddable":true,"href":"https:\/\/welcome-prints.com\/en\/wp-json\/wp\/v2\/media\/1886"}],"wp:attachment":[{"href":"https:\/\/welcome-prints.com\/en\/wp-json\/wp\/v2\/media?parent=1887"}],"wp:term":[{"taxonomy":"product_brand","embeddable":true,"href":"https:\/\/welcome-prints.com\/en\/wp-json\/wp\/v2\/product_brand?post=1887"},{"taxonomy":"product_cat","embeddable":true,"href":"https:\/\/welcome-prints.com\/en\/wp-json\/wp\/v2\/product_cat?post=1887"},{"taxonomy":"product_tag","embeddable":true,"href":"https:\/\/welcome-prints.com\/en\/wp-json\/wp\/v2\/product_tag?post=1887"}],"curies":[{"name":"wp","href":"https:\/\/api.w.org\/{rel}","templated":true}]}}