{"id":1885,"date":"2024-07-10T16:55:01","date_gmt":"2024-07-10T16:55:01","guid":{"rendered":"https:\/\/welcome-prints.com\/?post_type=product&#038;p=1885"},"modified":"2026-04-09T20:47:57","modified_gmt":"2026-04-09T20:47:57","slug":"les-venus","status":"publish","type":"product","link":"https:\/\/welcome-prints.com\/en\/produit\/les-venus\/","title":{"rendered":"Les V\u00e9nus"},"content":{"rendered":"<p>Repr\u00e9sentation du f\u00e9minin.<\/p>\n<p>Ce travail imagine une soci\u00e9t\u00e9 matriarcale. Le masculin est symbolis\u00e9 \u00e0 deux endroits : le taureau, spectateur\/ menace lointaine, et les orchid\u00e9es (du latin &#8220;orchis = testicules) dans les mains des deux femmes.<\/p>\n<p>R\u00e9sultat de l&#8217;op\u00e9ration : un calme  et un repos total pour les deux dames. <\/p>\n<p>Cette gravure au burin et  \u00e0 l&#8217;eau-forte met en lumi\u00e8re une repr\u00e9sentation non sexualis\u00e9e des femmes, allant \u00e0 contre courant de ce qu&#8217;on nous affiche quotidiennement dans les rues.<\/p>\n<p>Clin d&#8217;\u0153il aussi \u00e0 la premi\u00e8re repr\u00e9sentation de la femme, la V\u00e9nus de Willendorf, pos\u00e9e pr\u00e8s d&#8217;une des V\u00e9nus.<\/p>\n","protected":false},"excerpt":{"rendered":"<p>Repr\u00e9sentation du f\u00e9minin. Ce travail imagine une soci\u00e9t\u00e9 matriarcale. Le masculin est symbolis\u00e9 \u00e0 deux endroits : le taureau, spectateur\/ menace lointaine, et les orchid\u00e9es (du latin &#8220;orchis = testicules) dans les mains des deux femmes. R\u00e9sultat de l&#8217;op\u00e9ration : un calme et un repos total pour les deux dames. Cette gravure au burin et [&hellip;]<\/p>\n","protected":false},"featured_media":1884,"template":"","meta":{"_acf_changed":false},"product_brand":[],"product_cat":[223,220,210,196,216,221,201],"product_tag":[],"class_list":{"0":"post-1885","1":"product","2":"type-product","3":"status-publish","4":"has-post-thumbnail","6":"product_cat-223","7":"product_cat-burin","8":"product_cat-eau-forte","9":"product_cat-france","10":"product_cat-grand","11":"product_cat-louis-genty","12":"product_cat-paysage","14":"first","15":"instock","16":"shipping-taxable","17":"purchasable","18":"product-type-simple"},"acf":[],"_links":{"self":[{"href":"https:\/\/welcome-prints.com\/en\/wp-json\/wp\/v2\/product\/1885","targetHints":{"allow":["GET"]}}],"collection":[{"href":"https:\/\/welcome-prints.com\/en\/wp-json\/wp\/v2\/product"}],"about":[{"href":"https:\/\/welcome-prints.com\/en\/wp-json\/wp\/v2\/types\/product"}],"wp:featuredmedia":[{"embeddable":true,"href":"https:\/\/welcome-prints.com\/en\/wp-json\/wp\/v2\/media\/1884"}],"wp:attachment":[{"href":"https:\/\/welcome-prints.com\/en\/wp-json\/wp\/v2\/media?parent=1885"}],"wp:term":[{"taxonomy":"product_brand","embeddable":true,"href":"https:\/\/welcome-prints.com\/en\/wp-json\/wp\/v2\/product_brand?post=1885"},{"taxonomy":"product_cat","embeddable":true,"href":"https:\/\/welcome-prints.com\/en\/wp-json\/wp\/v2\/product_cat?post=1885"},{"taxonomy":"product_tag","embeddable":true,"href":"https:\/\/welcome-prints.com\/en\/wp-json\/wp\/v2\/product_tag?post=1885"}],"curies":[{"name":"wp","href":"https:\/\/api.w.org\/{rel}","templated":true}]}}