{"id":1882,"date":"2024-07-10T16:54:42","date_gmt":"2024-07-10T16:54:42","guid":{"rendered":"https:\/\/welcome-prints.com\/?post_type=product&#038;p=1882"},"modified":"2026-04-09T23:01:31","modified_gmt":"2026-04-09T23:01:31","slug":"prise-de-tete","status":"publish","type":"product","link":"https:\/\/welcome-prints.com\/en\/produit\/prise-de-tete\/","title":{"rendered":"Prise de t\u00eate"},"content":{"rendered":"<p>Gravure au burin. Traitement graphique inspir\u00e9 des lignes du graveur Mellan, r\u00e9alisant des formes en jouant avec la courbe et l&#8217;\u00e9paisseur des lignes, sans qu&#8217;aucune ne se touche ni ne se croise.<\/p>\n<p>Ici, les deux personnes se &#8220;prennent la t\u00eate&#8221; jusqu&#8217;\u00e0 former un seul regard, pour avancer mieux, \u00e0 deux.<\/p>\n<p>Disponible en Bleu ou Orange<\/p>\n","protected":false},"excerpt":{"rendered":"<p>Gravure au burin. Traitement graphique inspir\u00e9 des lignes du graveur Mellan, r\u00e9alisant des formes en jouant avec la courbe et l&#8217;\u00e9paisseur des lignes, sans qu&#8217;aucune ne se touche ni ne se croise. Ici, les deux personnes se &#8220;prennent la t\u00eate&#8221; jusqu&#8217;\u00e0 former un seul regard, pour avancer mieux, \u00e0 deux. Disponible en Bleu ou Orange<\/p>\n","protected":false},"featured_media":1881,"template":"","meta":{"_acf_changed":false},"product_brand":[],"product_cat":[226,220,196,221,215,201],"product_tag":[],"class_list":{"0":"post-1882","1":"product","2":"type-product","3":"status-publish","4":"has-post-thumbnail","6":"product_cat-226","7":"product_cat-burin","8":"product_cat-france","9":"product_cat-louis-genty","10":"product_cat-moyen","11":"product_cat-paysage","13":"first","14":"instock","15":"shipping-taxable","16":"purchasable","17":"product-type-simple"},"acf":[],"_links":{"self":[{"href":"https:\/\/welcome-prints.com\/en\/wp-json\/wp\/v2\/product\/1882","targetHints":{"allow":["GET"]}}],"collection":[{"href":"https:\/\/welcome-prints.com\/en\/wp-json\/wp\/v2\/product"}],"about":[{"href":"https:\/\/welcome-prints.com\/en\/wp-json\/wp\/v2\/types\/product"}],"wp:featuredmedia":[{"embeddable":true,"href":"https:\/\/welcome-prints.com\/en\/wp-json\/wp\/v2\/media\/1881"}],"wp:attachment":[{"href":"https:\/\/welcome-prints.com\/en\/wp-json\/wp\/v2\/media?parent=1882"}],"wp:term":[{"taxonomy":"product_brand","embeddable":true,"href":"https:\/\/welcome-prints.com\/en\/wp-json\/wp\/v2\/product_brand?post=1882"},{"taxonomy":"product_cat","embeddable":true,"href":"https:\/\/welcome-prints.com\/en\/wp-json\/wp\/v2\/product_cat?post=1882"},{"taxonomy":"product_tag","embeddable":true,"href":"https:\/\/welcome-prints.com\/en\/wp-json\/wp\/v2\/product_tag?post=1882"}],"curies":[{"name":"wp","href":"https:\/\/api.w.org\/{rel}","templated":true}]}}